{"id":584,"date":"2016-04-16T10:25:24","date_gmt":"2016-04-16T08:25:24","guid":{"rendered":"https:\/\/mathemator.gymgmunden.at\/?page_id=584"},"modified":"2019-04-09T13:54:25","modified_gmt":"2019-04-09T11:54:25","slug":"vwa-3","status":"publish","type":"page","link":"https:\/\/mathemator.gymgmunden.at\/index.php\/vwa-3\/","title":{"rendered":"VWA"},"content":{"rendered":"<p><strong>Eine VWA in Mathe?<\/strong><\/p>\n<p style=\"text-align: justify;\"><a href=\"https:\/\/www.gymgmunden.at\/wp-content\/uploads\/2015\/11\/img-20151106-wa0002.jpg\" data-slb-group=\"4913\" data-slb-active=\"1\" data-slb-internal=\"0\"><img loading=\"lazy\" decoding=\"async\" class=\" wp-image-4914 alignright\" src=\"https:\/\/www.gymgmunden.at\/wp-content\/uploads\/2015\/11\/img-20151106-wa0002-150x150.jpg\" alt=\"IMG-20151106-WA0002\" width=\"195\" height=\"195\" \/><\/a>Eine VWA kann man nicht in <em>einem<\/em> Fach schreiben, stimmt. Aber Themen, die Mathematik enthalten \u2013 wie findet man die?<\/p>\n<p style=\"text-align: justify;\">Wir m\u00f6chten euch Vorschl\u00e4ge bringen, wie ihr der Mathematik ein St\u00fcck n\u00e4her r\u00fcckt\u2026 vielleicht ist ja was dabei, was eure Phantasie anregt.<\/p>\n<p style=\"text-align: justify;\"><a href=\"https:\/\/www.gymgmunden.at\/wp-content\/uploads\/2015\/11\/mathe-vwa-1.docx\">Mathe-VWA &#8230; Unendlich viele Vorschl\u00e4ge<\/a><\/p>\n<p>Lest euch ein im Vektorraum oder loadet hier down, was dort aufgeklebt ist\u2026<\/p>\n<p><strong>Abgeschlossene vorwissenschaftliche Arbeiten mit einem mathematischen Schwerpunkt:<\/strong><\/p>\n<p>Gregor Klemm, 2015<br \/>\n<strong>Meinungsmanipulation durch Statistik<br \/>\n<\/strong>HAW<\/p>\n<p>Matthias Bergthaler, 2015<br \/>\n<strong>Wahrscheinlichkeitsrechnung im t\u00e4glichen Leben<\/strong><br \/>\nSBB<\/p>\n<p>Lena Torlutter, 2016<br \/>\n<strong>Die Zahl PHI und der goldene Schnitt: Die Sch\u00f6nheit der Mathematik und die Mathematik hinter der Sch\u00f6nheit<br \/>\n<\/strong>KAP<\/p>\n<p>Stefan Umgeher, 2016<strong><br \/>\nKomplexe Zahlen und Matrizenrechnung<br \/>\n<\/strong>KOM<\/p>\n<p>Martin Krenn, 2017<br \/>\n<strong>Vektoren in der Physik<br \/>\n<\/strong>KOM<\/p>\n<p>Bettina Salomon, 2017<br \/>\n<strong>Markov-Ketten und ihre Anwendungen<br \/>\n<\/strong>KRS<\/p>\n<p>Linda Kaiser, 2019<br \/>\n<strong>Die komplexe Welt der Fraktale<\/strong><br \/>\nKRS<\/p>\n","protected":false},"excerpt":{"rendered":"<p>Eine VWA in Mathe? Eine VWA kann man nicht in einem Fach schreiben, stimmt. Aber Themen, die Mathematik enthalten \u2013<\/p>\n","protected":false},"author":4,"featured_media":0,"parent":0,"menu_order":0,"comment_status":"closed","ping_status":"closed","template":"","meta":{"footnotes":""},"class_list":["post-584","page","type-page","status-publish","hentry"],"_links":{"self":[{"href":"https:\/\/mathemator.gymgmunden.at\/index.php\/wp-json\/wp\/v2\/pages\/584","targetHints":{"allow":["GET"]}}],"collection":[{"href":"https:\/\/mathemator.gymgmunden.at\/index.php\/wp-json\/wp\/v2\/pages"}],"about":[{"href":"https:\/\/mathemator.gymgmunden.at\/index.php\/wp-json\/wp\/v2\/types\/page"}],"author":[{"embeddable":true,"href":"https:\/\/mathemator.gymgmunden.at\/index.php\/wp-json\/wp\/v2\/users\/4"}],"replies":[{"embeddable":true,"href":"https:\/\/mathemator.gymgmunden.at\/index.php\/wp-json\/wp\/v2\/comments?post=584"}],"version-history":[{"count":5,"href":"https:\/\/mathemator.gymgmunden.at\/index.php\/wp-json\/wp\/v2\/pages\/584\/revisions"}],"predecessor-version":[{"id":2665,"href":"https:\/\/mathemator.gymgmunden.at\/index.php\/wp-json\/wp\/v2\/pages\/584\/revisions\/2665"}],"wp:attachment":[{"href":"https:\/\/mathemator.gymgmunden.at\/index.php\/wp-json\/wp\/v2\/media?parent=584"}],"curies":[{"name":"wp","href":"https:\/\/api.w.org\/{rel}","templated":true}]}}