{"id":406,"date":"2016-04-10T19:09:55","date_gmt":"2016-04-10T17:09:55","guid":{"rendered":"https:\/\/mathemator.gymgmunden.at\/?page_id=406"},"modified":"2025-04-25T19:37:11","modified_gmt":"2025-04-25T17:37:11","slug":"naboj","status":"publish","type":"page","link":"https:\/\/mathemator.gymgmunden.at\/index.php\/naboj\/","title":{"rendered":"NABOJ"},"content":{"rendered":"<p style=\"text-align: justify;\"><img loading=\"lazy\" decoding=\"async\" class=\"aligncenter size-full wp-image-417\" src=\"https:\/\/mathemator.gymgmunden.at\/wp-content\/uploads\/2016\/04\/naboj-training-06.04.2016-1024x467-1.jpg\" alt=\"naboj-training-06.04.2016-1024x467\" width=\"1024\" height=\"467\" srcset=\"https:\/\/mathemator.gymgmunden.at\/wp-content\/uploads\/2016\/04\/naboj-training-06.04.2016-1024x467-1.jpg 1024w, https:\/\/mathemator.gymgmunden.at\/wp-content\/uploads\/2016\/04\/naboj-training-06.04.2016-1024x467-1-300x137.jpg 300w, https:\/\/mathemator.gymgmunden.at\/wp-content\/uploads\/2016\/04\/naboj-training-06.04.2016-1024x467-1-768x350.jpg 768w\" sizes=\"auto, (max-width: 1024px) 100vw, 1024px\" \/><\/p>\n<p style=\"text-align: justify;\"><span style=\"color: #3366ff;\"><a style=\"color: #3366ff;\" href=\"https:\/\/math.naboj.org\/\">N\u00e1boj<\/a><\/span> ist ein Wettbewerb f\u00fcr Mannschaften, die aus f\u00fcnf Gymnasiasten einer Schule bestehen. Der ganze Wettbewerb dauert 120 Minuten, in denen die Teams versuchen, so viele Aufgaben wie m\u00f6glich zu l\u00f6sen.<\/p>\n<p style=\"text-align: justify;\">N\u00e1boj ist nicht nur eine unmittelbare Anwendung der Kenntnisse, die die Sch\u00fcler bereits erworben haben. Die Aufgaben erfordern ein gewisses Ma\u00df an Ideen und Einfallsreichtum.<\/p>\n<p><a href=\"https:\/\/mathemator.gymgmunden.at\/wp-content\/uploads\/2016\/04\/naboj.jpg\" rel=\"attachment wp-att-615\"><img loading=\"lazy\" decoding=\"async\" class=\"size-full wp-image-615 aligncenter\" src=\"https:\/\/mathemator.gymgmunden.at\/wp-content\/uploads\/2016\/04\/naboj.jpg\" alt=\"naboj\" width=\"217\" height=\"117\" \/><\/a><br \/>\n<a href=\"https:\/\/mathemator.gymgmunden.at\/index.php\/naboj\/\"><span style=\"color: #3366ff;\">NABOJ &#8211; 2025<\/span><\/a><br \/>\nJunioren: <em>Mathilda Mc Grew, <\/em><em>Tobias Henzinger, <\/em><em>Laura Hochrainer, Valentin Hutterer, Ludwig Scharpernack<br \/>\n<\/em>Senioren A: <em>Petr Bogomolov, Mih\u00e1ly Bogoszta, Alexander Mayrhuber, Tobias Rathmayr, Jakob Zellinger<\/em><em><br \/>\n<\/em>Senioren B: <em>Ennio Binder, Roberts Glazers, Simeon Nieuwenhuys, Marie Wessely, Maris Zellinger<\/em><\/p>\n<p><a href=\"https:\/\/mathemator.gymgmunden.at\/index.php\/2024\/11\/15\/naboj-2024\/\"><span style=\"color: #3366ff;\">NABOJ &#8211; 2024 (1. Platz in der Kategorie <em>Senioren<\/em>, Team: Senioren A)<\/span><\/a><br \/>\nJunioren A: <em>Mathilda Mc Grew, <\/em><em>Tobias Henzinger, <\/em><em>Laura Hochrainer, Valentin Hutterer, Franziska Strasser<br \/>\n<\/em>Junioren B: <em>Petr Bogomolov, Mih\u00e1ly Bogoszta, <\/em><em>Anna P\u00fcrstinger, Ferdinand Schober, Rosalie Zottl<br \/>\n<\/em>Senioren A: <em>Mia Abermann, Lars Baderer, Alexander Mayrhuber, Tobias Rathmayr, Jakob Zellinger<br \/>\n<\/em>Senioren B: <em>Ennio Binder, Roberts Glazers, Nadine Janecek, Marie Wessely, Maris Zellinger<br \/>\n<\/em><span style=\"color: #3366ff;\"><br \/>\nNABOJ &#8211; 2023<\/span><br \/>\nJunioren: <em>Elke Auinger, Tanja Hessenberger, Nadine Janecek, Sebastian Kiendl, Maris Zellinger<br \/>\n<\/em>Senioren: <em>Mia Abermann, Lars Baderer, <\/em><em>Veronika Feichtinger, Emma Sehic, Nora Weismann-Stolz<\/em><br \/>\n<span style=\"color: #3366ff;\"><br \/>\nNABOJ &#8211; 2022 (online)<\/span><br \/>\nJunioren: <em>Lars Baderer, <\/em><em>Sebastian Feichtinger, Tanja Hessenberger, Amelie Schulz, Maris Zellinger<br \/>\n<\/em>Senioren: <em>Mia Abermann, Egshig Battulga, <\/em><em>Veronika Feichtinger, Jin Liu, Nora Weismann-Stolz\u00a0<\/em><br \/>\nOpen: <em>Jakob Hauer, Lukas Hauer, Felix Kainz, Michael Kolnberger, <\/em><em>Vanessa Treml\u00a0<\/em><\/p>\n<p><a href=\"https:\/\/mathemator.gymgmunden.at\/index.php\/2021\/04\/28\/ergebnisse-naboj\/\"><span style=\"color: #3366ff;\">NABOJ &#8211; 2021 (online)<\/span><\/a><br \/>\nSenioren: <em>Mia Abermann, Veronika Feichtinger, Jakob Kronberger, Marlene Moser, Konstantin Peer<\/em><br \/>\nOpen: <em>Lukas Hauer, Jakob Hauer, Felix Kainz, Lukas Schobesberger, Vanessa Treml<\/em><\/p>\n<p><span style=\"color: #3366ff;\">NABOJ &#8211; 2020<\/span><br \/>\nKein Wettbewerb in \u00d6sterreich (COVID)<\/p>\n<p><a href=\"https:\/\/mathemator.gymgmunden.at\/index.php\/2019\/04\/01\/unsere-beiden-a-teams-landen-auf-top-ten-plaetzen\/\"><span style=\"color: #3366ff;\">NABOJ &#8211; 2019<\/span><\/a><br \/>\nJunioren A: <em>Egshig Battulga, Jakob Kronberger, Marlene Moser, Stefan Schausberger, Ada Stockhamer<\/em><br \/>\nJunioren B: <em>Jannis F\u00f6ge, Katharina Hauke, Valentina Ortolan, Konstantin Peer, Jana Vichtbauer<\/em><br \/>\nSenioren A: <em>Lukas Hauer, Jakob Hauer, Francesca Hemetsberger, Lukas Schobesberger, Vanessa Treml<\/em><br \/>\nSenioren B: <em>Victoria Huemer, Rahel Minichmayr, Hannah Ortner, Hannah Schaubmaier, Valentin Wittchen<\/em><\/p>\n<p style=\"text-align: justify;\"><a href=\"https:\/\/mathemator.gymgmunden.at\/index.php\/2018\/03\/24\/wieder-2-x-top-ten-bei-naboj\/\"><span style=\"color: #3366ff;\">NABOJ &#8211; 2018<\/span><\/a><br \/>\nJunioren: <em>Lukas Hauer, Jakob Hauer, Stefan Schausberger, Ada Stockhamer, Vanessa Treml<\/em><br \/>\n<em>Senioren: Christof Feischl, Francesca Hemetsberger, Florian Holzleithner, Angelika Plasser, Simeon Ryckembusch<\/em><\/p>\n<p style=\"text-align: justify;\"><span style=\"color: #3366ff;\"><a style=\"color: #3366ff;\" href=\"https:\/\/mathemator.gymgmunden.at\/?p=1242\">NABOJ &#8211; 2017<\/a><\/span><br \/>\n<em>Junioren: Lukas Hauer, Jakob Hauer, Simone Redl, Sophie Socher, Lukas Schobesberger<\/em><br \/>\n<em>Senioren: Christof Feischl, Francesca Hemetsberger, Florian Holzleithner, Angelika Plasser, Simeon Ryckembusch<\/em><\/p>\n<p style=\"text-align: justify;\"><span style=\"color: #3366ff;\"><a style=\"color: #3366ff;\" href=\"https:\/\/mathemator.gymgmunden.at\/?cat=21\">NABOJ &#8211; 2016<\/a><\/span><br \/>\n<em>Junioren I: Florian Holzleithner, Alexandra H\u00f6ller, Lilli Socher, Sophie Thallinger, Valentin Wittchen<br \/>\nJunioren II: Christof Feischl, Nico Holzinger, Adam Mittermayr, Angelika Plasser, Anna Rosenkranz<br \/>\nSenioren: Anna Holzinger, Bettina Salomon, Jakob Staudinger, Stefan Umgeher, Tabea Minichmayr<br \/>\n<\/em><\/p>\n<p style=\"text-align: justify;\"><span style=\"color: #3366ff;\"><a style=\"color: #3366ff;\" href=\"https:\/\/mathemator.gymgmunden.at\/?p=407\">NABOJ &#8211; 2015<\/a> (Sieg!)<\/span><br \/>\n<em>Anna Holzinger, Tabea Minichmayr, Bettina Salomon, Gabriel Sperrer, Jakob Staudinger<\/em><\/p>\n","protected":false},"excerpt":{"rendered":"<p>N\u00e1boj ist ein Wettbewerb f\u00fcr Mannschaften, die aus f\u00fcnf Gymnasiasten einer Schule bestehen. Der ganze Wettbewerb dauert 120 Minuten, in<\/p>\n","protected":false},"author":4,"featured_media":0,"parent":0,"menu_order":0,"comment_status":"closed","ping_status":"closed","template":"","meta":{"footnotes":""},"class_list":["post-406","page","type-page","status-publish","hentry"],"_links":{"self":[{"href":"https:\/\/mathemator.gymgmunden.at\/index.php\/wp-json\/wp\/v2\/pages\/406","targetHints":{"allow":["GET"]}}],"collection":[{"href":"https:\/\/mathemator.gymgmunden.at\/index.php\/wp-json\/wp\/v2\/pages"}],"about":[{"href":"https:\/\/mathemator.gymgmunden.at\/index.php\/wp-json\/wp\/v2\/types\/page"}],"author":[{"embeddable":true,"href":"https:\/\/mathemator.gymgmunden.at\/index.php\/wp-json\/wp\/v2\/users\/4"}],"replies":[{"embeddable":true,"href":"https:\/\/mathemator.gymgmunden.at\/index.php\/wp-json\/wp\/v2\/comments?post=406"}],"version-history":[{"count":25,"href":"https:\/\/mathemator.gymgmunden.at\/index.php\/wp-json\/wp\/v2\/pages\/406\/revisions"}],"predecessor-version":[{"id":3718,"href":"https:\/\/mathemator.gymgmunden.at\/index.php\/wp-json\/wp\/v2\/pages\/406\/revisions\/3718"}],"wp:attachment":[{"href":"https:\/\/mathemator.gymgmunden.at\/index.php\/wp-json\/wp\/v2\/media?parent=406"}],"curies":[{"name":"wp","href":"https:\/\/api.w.org\/{rel}","templated":true}]}}