{"id":398,"date":"2016-04-10T18:54:03","date_gmt":"2016-04-10T16:54:03","guid":{"rendered":"https:\/\/mathemator.gymgmunden.at\/?page_id=398"},"modified":"2025-04-25T18:20:38","modified_gmt":"2025-04-25T16:20:38","slug":"mo-matheolympiade","status":"publish","type":"page","link":"https:\/\/mathemator.gymgmunden.at\/index.php\/mo-matheolympiade\/","title":{"rendered":"MO"},"content":{"rendered":"<p style=\"text-align: justify;\"><img loading=\"lazy\" decoding=\"async\" class=\"aligncenter size-full wp-image-266\" src=\"https:\/\/mathemator.gymgmunden.at\/wp-content\/uploads\/2016\/04\/mo-alle.jpg\" alt=\"mo-alle\" width=\"3962\" height=\"1633\" srcset=\"https:\/\/mathemator.gymgmunden.at\/wp-content\/uploads\/2016\/04\/mo-alle.jpg 1920w, https:\/\/mathemator.gymgmunden.at\/wp-content\/uploads\/2016\/04\/mo-alle-300x124.jpg 300w, https:\/\/mathemator.gymgmunden.at\/wp-content\/uploads\/2016\/04\/mo-alle-1024x422.jpg 1024w\" sizes=\"auto, (max-width: 3962px) 100vw, 3962px\" \/><\/p>\n<p style=\"text-align: justify;\">Die Mathematik Olympiade ist eine Institution, die mathematisch begabte Sch\u00fclerinnen und Sch\u00fcler sowohl f\u00f6rdert als auch fordert. Es handelt sich dabei um eine sog. &#8222;unverbindliche \u00dcbung&#8220;, die zwei Wochenstunden pro Schuljahr umfasst. In diesen Kursen lernen die Sch\u00fclerinnen und Sch\u00fcler Mathematik, die gro\u00dfteils \u00fcber die Schulmathematik hinausgeht.<\/p>\n<p style=\"text-align: justify;\">Mehr Informationen gibts entweder hier <span style=\"color: #3366ff;\"><a style=\"color: #3366ff;\" href=\"https:\/\/www.math.aau.at\/OeMO\/\">\u00d6MO<\/a><\/span> oder im <span style=\"color: #3366ff;\"><a style=\"color: #3366ff;\" href=\"https:\/\/eeducation.gymgmunden.at\/course\/view.php?id=1203\">MO-Kurs<\/a><\/span> auf der Moodleplattform unserer Schule, der laufend upgedatet wird.<\/p>\n<p style=\"text-align: center;\"><a href=\"https:\/\/mathemator.gymgmunden.at\/wp-content\/uploads\/2016\/04\/oemo.png\" rel=\"attachment wp-att-613\"><img loading=\"lazy\" decoding=\"async\" class=\"size-full wp-image-613 aligncenter\" src=\"https:\/\/mathemator.gymgmunden.at\/wp-content\/uploads\/2016\/04\/oemo.png\" alt=\"oemo\" width=\"140\" height=\"122\" \/><\/a><\/p>\n<p style=\"text-align: center;\"><span style=\"color: #ff0000;\"><strong>START MO &#8211; 11.10.2024 &#8211; ab 14:00 &#8211; PH-Saal<br \/>dann grunds\u00e4tzlich alle 14 Tage<br \/><\/strong><\/span><\/p>\n<p style=\"text-align: center;\">Junior-Regionalwettbewerb O\u00d6\/S (fr\u00fcher Landeswettbewerb f\u00fcr Anf\u00e4nger) \u2013 Erfolge<\/p>\n<table width=\"537\">\n<tbody>\n<tr>\n<td style=\"text-align: center;\">I<\/td>\n<td style=\"text-align: center;\">II<\/td>\n<td style=\"text-align: center;\">III<\/td>\n<\/tr>\n<tr>\n<td>\n<h6 style=\"text-align: center;\"><span style=\"font-size: 10pt;\">Alexander Mayrhuber (2023)<\/span><\/h6>\n<\/td>\n<td style=\"text-align: center;\">\n<h6><span style=\"font-size: 10pt;\">Tobias Rathmayr (2023) <\/span><br \/><span style=\"font-size: 10pt;\">Mia Abermann (2020)<\/span><br \/><span style=\"font-size: 10pt;\">Jakob Hauer (2018)<\/span><br \/><span style=\"font-size: 10pt;\">Lukas Hauer (2017)<\/span><br \/><span style=\"font-size: 10pt;\">Francesca Hemetsberger (2016)<\/span><br \/><span style=\"font-size: 10pt;\">Christof Feischl (2016)<\/span><br \/><span style=\"font-size: 10pt;\">Angelika Plasser (2016)<\/span><br \/><span style=\"font-size: 10pt;\">Lauri Hakala (2014)<\/span><br \/><span style=\"font-size: 10pt;\">Stefan Umgeher (2014)<\/span><\/h6>\n<\/td>\n<td>\n<h6 style=\"text-align: center;\"><span style=\"font-size: 10pt;\">Mathilda McGrew (2024)<br \/><\/span><span style=\"font-size: 10pt;\">Leni Steinkogler (2021)<\/span><br \/><span style=\"font-size: 10pt;\">Mia Abermann (2021)<\/span><br \/><span style=\"font-size: 10pt;\">Veronika Feichtinger (2020)<\/span><br \/><span style=\"font-size: 10pt;\">Jakob Kronberger (2020)<\/span><br \/><span style=\"font-size: 10pt;\">Vanessa Treml (2018)<\/span><br \/><span style=\"font-size: 10pt;\">Felix Dobringer (2018)<\/span><br \/><span style=\"font-size: 10pt;\">Ada Stockhamer (2018)<\/span><\/h6>\n<\/td>\n<\/tr>\n<\/tbody>\n<\/table>\n<p style=\"text-align: center;\">Regionalwettbewerb O\u00d6\/S\/T\/V (fr\u00fcher Gebietswettbewerb) f\u00fcr Fortgeschrittene \u2013 Erfolge<\/p>\n<table style=\"height: 167px;\" width=\"832\">\n<tbody>\n<tr>\n<td style=\"text-align: center;\">I<\/td>\n<td style=\"text-align: center;\">II<\/td>\n<td style=\"text-align: center;\">III<\/td>\n<\/tr>\n<tr>\n<td>\u00a0<\/td>\n<td>\n<h6 style=\"text-align: center;\"><span style=\"font-size: 10pt;\">Jakob Zellinger (2025)*<br \/><\/span><span style=\"font-size: 10pt;\">Jakob Zellinger (2024)**<br \/>Francesca Hemetsberger (2018)*<\/span><\/h6>\n<\/td>\n<td>\n<h6 style=\"text-align: center;\"><span style=\"font-size: 10pt;\">Alexander Mayrhuber (2025)<br \/><\/span><span style=\"font-size: 10pt;\">Tobias Rathmayr (2025)<br \/>Ennio Binder (2025)<br \/>Mia Abermann (2024)<br \/>Alexander Mayrhuber (2024)<br \/>Mih\u00e1ly Bogoszta (2024)<br \/><\/span><span style=\"font-size: 10pt;\">Mia Abermann (2022)<\/span><br \/><span style=\"font-size: 10pt;\">Marlene Moser (2021)<\/span><br \/><span style=\"font-size: 10pt;\">Francesca Hemetsberger (2019)<\/span><br \/><span style=\"font-size: 10pt;\">Stefan Schausberger (2019)<\/span><br \/><span style=\"font-size: 10pt;\">Lukas Hauer (2019)<\/span><br \/><span style=\"font-size: 10pt;\">Christof Feischl (2018)<\/span><br \/><span style=\"font-size: 10pt;\">Angelika Plasser (2018)<\/span><\/h6>\n<\/td>\n<\/tr>\n<\/tbody>\n<\/table>\n<p style=\"text-align: justify;\"><span style=\"color: #3366ff;\"><span style=\"color: #000000;\">*F\u00fcr den Bundeswettbewerb f\u00fcr Fortgeschrittene in Raach (Vorrunde) qualifiziert.<br \/>**F\u00fcr den Bundeswettbewerb f\u00fcr Fortgeschrittene in Raach (Vorrunde und Finale) qualifiziert<br \/><br \/><span style=\"color: #3366ff;\"><a style=\"color: #3366ff;\" href=\"https:\/\/mathemator.gymgmunden.at\/index.php\/category\/mo-2024-2025\/\">MO &#8211; 2024\/2025<\/a><\/span><br \/>RWF: Mih\u00e1ly Bogoszta (7ORG Schloss Traunsee), Alexander Mayrhuber (7ORG, Schloss Traunsee), Tobias Rathmayr (6ORG Schloss Traunsee), Jakob Zellinger (7ORG, Schloss Traunsee), Ennio Binder (8CR), Simeon Nieuvenhuys (8CR)<br \/>JRW:<\/span><\/span><\/p>\n<p><span style=\"color: #3366ff;\"><a style=\"color: #3366ff;\" href=\"https:\/\/mathemator.gymgmunden.at\/index.php\/category\/mo-2023-2024\/\">MO &#8211; 2023\/2024<\/a><\/span><br \/>RWF: Mia Aberbann (8BR), Petr Bogomolov (6ORG Schloss Traunsee), Mih\u00e1ly Bogoszta (6ORG Schloss Traunsee), Alexander Mayrhuber (6ORG, Schloss Traunsee), Tobias Rathmayr (5ORG Schloss Traunsee), Jakob Zellinger (6ORG, Schloss Traunsee)<br \/>JRW: Mathilda McGrew (3F)<\/p>\n<p><span style=\"color: #3366ff;\"><a style=\"color: #3366ff;\" href=\"https:\/\/mathemator.gymgmunden.at\/index.php\/category\/mo-2022-2023\/\">MO &#8211; 2022\/2023<\/a><\/span><br \/>RWF: &#8211;<br \/>JRW: Alexander Mayrhuber (5ORG, Schloss Traunsee), Tobias Rathmayr (4C, Schloss Traunsee), Nadine Janecek (6B)<\/p>\n<p><span style=\"color: #3366ff;\"><a style=\"color: #3366ff;\" href=\"https:\/\/mathemator.gymgmunden.at\/index.php\/category\/mo-2021-2022\/\">MO &#8211; 2021\/2022<\/a><br \/><\/span>RWF: Mia Abermann (6BR), Veronika Feichtinger (7BR), Nora Weismann-Stolz (7BR), Jin Liu (7BR)<\/p>\n<p><span style=\"color: #3366ff;\"><a style=\"color: #3366ff;\" href=\"https:\/\/mathemator.gymgmunden.at\/index.php\/category\/mo-2020-2021\/\">MO &#8211; 2020\/2021<\/a><\/span><br \/>RWF: Marlene Moser (8AR), Ada Stockhammer (8BR), Konstantin Peer (7AR)<br \/>JRW: Leni Steinkogler (4A), Mia Abermann (5BR), Nora Weismann-Stolz (6CR)<\/p>\n<p style=\"text-align: justify;\"><span style=\"color: #3366ff;\"><a style=\"color: #3366ff;\" href=\"https:\/\/mathemator.gymgmunden.at\/index.php\/category\/mo-2019-2020\/\">MO &#8211; 2019\/2020<\/a><br \/><span style=\"color: #000000;\">RWF:<\/span> <span style=\"color: #000000;\">Marlene Moser (7AR), Ada Stockhammer (7BR), Jakob Hauer (8CR), Lukas Hauer (8CR), Felix Kainz (8CR)<\/span><br \/><span style=\"color: #000000;\">JRW: Leni Steinkogler (3A), Mia Abermann (4A), Veronika Feichtinger (5BR), Emma Tanskanen (5BR), Jakob Kronberger (6AR)<br \/><\/span><\/span><\/p>\n<p><a style=\"color: #3366ff;\" href=\"https:\/\/mathemator.gymgmunden.at\/index.php\/category\/mo-2018-2019\/\">MO &#8211; 2018\/2019<\/a><br \/>RWF: Jakob Hauer (7CR), Lukas Hauer (7CR), Francesca Hemetsberger (8CR), Stefan Schausberger (6BR), Ada Stockhammer (6BR)<br \/>JRW: Egshig Battulga (5AR), Katharina Hauke (5AR), Marlene Moser (6AR), Konstantin Peer (5AR), Jana Vichtbauer (5AR)<\/p>\n<p style=\"text-align: justify;\"><a href=\"https:\/\/mathemator.gymgmunden.at\/index.php\/category\/mo-20172018\/\"><span style=\"color: #3366ff;\">MO &#8211; 2017\/2018<br \/><\/span><\/a>GWF: Angelika Plasser (8A), Francesca Hemetsberger (7CR), Christof Feischl (8B), Simeon Ryckembusch (8A), Lukas Schobesberger (6CR)<br \/>LWA: Ada Stockhamer (5BR), Stefan Schausberger (5BR), Felix Dobringer (6CR), Vanessa Treml (6CR), Jakob Hauer (6CR)<\/p>\n<p style=\"text-align: justify;\"><a href=\"https:\/\/mathemator.gymgmunden.at\/?cat=23\"><span style=\"color: #3366ff;\">MO &#8211; 2016\/2017<\/span><\/a><a href=\"https:\/\/mathemator.gymgmunden.at\/?cat=23\"><br \/><\/a>GWF: Feischl Christof (7B), Hemetsberger Francesca (6CR), Holzleithner Florian (7A), Plasser Angelika (7A), Sophie Thallinger (6CR)<br \/>LWA: Lukas Schobesberger (5CR), Simone Redl (5BG), Lukas Hauer (5CR), Ramona Gierling (6CR), Christiane Ortner (5., RG Lambach)<\/p>\n<p style=\"text-align: justify;\"><span style=\"color: #3366ff;\"><a style=\"color: #3366ff;\" href=\"https:\/\/mathemator.gymgmunden.at\/?cat=4\">MO &#8211; 2015\/2016<\/a><\/span><br \/>GWF: Stefan Umgeher (8B), Lauri Hakala (8CR), Bettina Salomon (7A)<br \/>LWA: Angelika Plasser (6A), Francesca Hemetsberger (5CR), Sophie Thallinger (5CR), Christof Feischl (6B)<br \/><span style=\"color: #3366ff;\"><a style=\"color: #3366ff;\" href=\"https:\/\/mathemator.gymgmunden.at\/?p=76\"><br \/>MO &#8211; 2014\/2015<\/a><\/span><br \/>GWF: Stefan Umgeher (7B), Lauri Hakala (7CR), Lukas Hageneder (8B, ORG Ort)<\/p>\n<p style=\"text-align: justify;\"><span style=\"color: #3366ff;\"><a style=\"color: #3366ff;\" href=\"https:\/\/mathemator.gymgmunden.at\/?p=74\">MO &#8211; 2013\/2014<\/a><\/span><br \/>GWF: Lukas Hageneder (7B, ORG Ort)<br \/>LWA: Stefan Umgeher (6B), Lauri Hakala (6CR), Diellza Zymeraj (6B)<\/p>\n\n\n<p><\/p>\n","protected":false},"excerpt":{"rendered":"<p>Die Mathematik Olympiade ist eine Institution, die mathematisch begabte Sch\u00fclerinnen und Sch\u00fcler sowohl f\u00f6rdert als auch fordert. Es handelt sich<\/p>\n","protected":false},"author":4,"featured_media":0,"parent":0,"menu_order":0,"comment_status":"closed","ping_status":"closed","template":"","meta":{"footnotes":""},"class_list":["post-398","page","type-page","status-publish","hentry"],"_links":{"self":[{"href":"https:\/\/mathemator.gymgmunden.at\/index.php\/wp-json\/wp\/v2\/pages\/398","targetHints":{"allow":["GET"]}}],"collection":[{"href":"https:\/\/mathemator.gymgmunden.at\/index.php\/wp-json\/wp\/v2\/pages"}],"about":[{"href":"https:\/\/mathemator.gymgmunden.at\/index.php\/wp-json\/wp\/v2\/types\/page"}],"author":[{"embeddable":true,"href":"https:\/\/mathemator.gymgmunden.at\/index.php\/wp-json\/wp\/v2\/users\/4"}],"replies":[{"embeddable":true,"href":"https:\/\/mathemator.gymgmunden.at\/index.php\/wp-json\/wp\/v2\/comments?post=398"}],"version-history":[{"count":81,"href":"https:\/\/mathemator.gymgmunden.at\/index.php\/wp-json\/wp\/v2\/pages\/398\/revisions"}],"predecessor-version":[{"id":3696,"href":"https:\/\/mathemator.gymgmunden.at\/index.php\/wp-json\/wp\/v2\/pages\/398\/revisions\/3696"}],"wp:attachment":[{"href":"https:\/\/mathemator.gymgmunden.at\/index.php\/wp-json\/wp\/v2\/media?parent=398"}],"curies":[{"name":"wp","href":"https:\/\/api.w.org\/{rel}","templated":true}]}}