{"id":2104,"date":"2018-05-21T21:00:18","date_gmt":"2018-05-21T19:00:18","guid":{"rendered":"https:\/\/mathemator.gymgmunden.at\/?page_id=2104"},"modified":"2018-06-05T00:29:02","modified_gmt":"2018-06-04T22:29:02","slug":"datenschutzerklaerung","status":"publish","type":"page","link":"https:\/\/mathemator.gymgmunden.at\/index.php\/datenschutzerklaerung\/","title":{"rendered":"Datenschutzerkl\u00e4rung\/Impressum"},"content":{"rendered":"<h3>Eingebettete Inhalte von anderen Websites<\/h3>\n<p style=\"text-align: justify;\">Beitr\u00e4ge auf dieser Website k\u00f6nnen eingebettete Inhalte beinhalten (z.\u00a0B. Videos, Bilder, Beitr\u00e4ge etc.). Eingebettete Inhalte von anderen Websites verhalten sich exakt so, als ob der Besucher die andere Website besucht h\u00e4tte.<\/p>\n<p style=\"text-align: justify;\">Diese Websites k\u00f6nnen Daten \u00fcber Sie sammeln, Cookies benutzen, zus\u00e4tzliche Tracking-Dienste von Dritten einbetten und Ihre Interaktion mit diesem eingebetteten Inhalt aufzeichnen. Sollte der Verdacht auf Datenschutzverletzung aufkommen, bitten wir um sofortige Kontaktaufnahme!<\/p>\n<h3>Kommentare<\/h3>\n<p style=\"text-align: justify;\">Auf dieser Seite ist die Kommentarfunktion deaktiviert.<\/p>\n<h3>Medien<\/h3>\n<p style=\"text-align: justify;\">Auf dieser Seite k\u00f6nnen keine user-eigenen Medien hochgeladen werden. Alle von uns ver\u00f6ffentlichten Medien werden sorgf\u00e4ltig gepr\u00fcft. Auf dieser Seite kann sich kein User registrieren, es k\u00f6nnen keine Kommentare gepostet werden, und kein User au\u00dfer den Administratoren kann selbstst\u00e4ndig Artikel schreiben und\/oder ver\u00f6ffentlichen.<\/p>\n<h3>Analysedienste<\/h3>\n<p style=\"text-align: justify;\">Statistiken ermitteln wir anhand des WordPress-Plugins Post View Counter. Dazu wird die IP-Adresse lokal auf unserem Datenbankserver f\u00fcr maximal 30 Tage lang gespeichert und anschlie\u00dfend vom Plugin automatisiert gel\u00f6scht. Diese Daten werden (wissentlich) nicht an Dritte weitergegeben; ebensowenig verarbeiten wir diese Daten intern weiter.<\/p>\n<h3>Impressum<\/h3>\n<pre><strong>F\u00fcr den Inhalt verantwortlich\r\n <\/strong>Mag. Bernd B. Baumgartinger\r\n sbb@gymgmunden.at\r\n Mag. Michael Kolnberger\r\n kom@gymgmunden.at<\/pre>\n<pre><strong>BG\/BRG Gmunden<\/strong>\r\n Keramikstra\u00dfe 28\r\n 4810 GMUNDEN\r\n email | sekretariat@gymgmunden.at\r\n tel | 07612 64381\r\n fax | 07612 64381 DW 5<\/pre>\n","protected":false},"excerpt":{"rendered":"<p>Eingebettete Inhalte von anderen Websites Beitr\u00e4ge auf dieser Website k\u00f6nnen eingebettete Inhalte beinhalten (z.\u00a0B. Videos, Bilder, Beitr\u00e4ge etc.). Eingebettete Inhalte<\/p>\n","protected":false},"author":4,"featured_media":0,"parent":0,"menu_order":0,"comment_status":"closed","ping_status":"closed","template":"","meta":{"footnotes":""},"class_list":["post-2104","page","type-page","status-publish","hentry"],"_links":{"self":[{"href":"https:\/\/mathemator.gymgmunden.at\/index.php\/wp-json\/wp\/v2\/pages\/2104","targetHints":{"allow":["GET"]}}],"collection":[{"href":"https:\/\/mathemator.gymgmunden.at\/index.php\/wp-json\/wp\/v2\/pages"}],"about":[{"href":"https:\/\/mathemator.gymgmunden.at\/index.php\/wp-json\/wp\/v2\/types\/page"}],"author":[{"embeddable":true,"href":"https:\/\/mathemator.gymgmunden.at\/index.php\/wp-json\/wp\/v2\/users\/4"}],"replies":[{"embeddable":true,"href":"https:\/\/mathemator.gymgmunden.at\/index.php\/wp-json\/wp\/v2\/comments?post=2104"}],"version-history":[{"count":12,"href":"https:\/\/mathemator.gymgmunden.at\/index.php\/wp-json\/wp\/v2\/pages\/2104\/revisions"}],"predecessor-version":[{"id":2148,"href":"https:\/\/mathemator.gymgmunden.at\/index.php\/wp-json\/wp\/v2\/pages\/2104\/revisions\/2148"}],"wp:attachment":[{"href":"https:\/\/mathemator.gymgmunden.at\/index.php\/wp-json\/wp\/v2\/media?parent=2104"}],"curies":[{"name":"wp","href":"https:\/\/api.w.org\/{rel}","templated":true}]}}